{"id":156,"date":"2016-02-11T18:53:56","date_gmt":"2016-02-11T18:53:56","guid":{"rendered":"http:\/\/qualiarcondicionado.com.br\/quali\/?page_id=156"},"modified":"2016-02-18T16:28:51","modified_gmt":"2016-02-18T16:28:51","slug":"produtos","status":"publish","type":"page","link":"http:\/\/qualiarcondicionado.com.br\/quali\/index.php\/produtos\/","title":{"rendered":"Produtos"},"content":{"rendered":"<p>&nbsp;<\/p>\n<p><img decoding=\"async\" loading=\"lazy\" class=\"alignleft wp-image-257 size-medium\" src=\"http:\/\/qualiarcondicionado.com.br\/quali\/wp-content\/uploads\/2016\/02\/imagens-267x300.png\" alt=\"imagens\" width=\"267\" height=\"300\" srcset=\"http:\/\/qualiarcondicionado.com.br\/quali\/wp-content\/uploads\/2016\/02\/imagens-267x300.png 267w, http:\/\/qualiarcondicionado.com.br\/quali\/wp-content\/uploads\/2016\/02\/imagens-133x150.png 133w, http:\/\/qualiarcondicionado.com.br\/quali\/wp-content\/uploads\/2016\/02\/imagens.png 599w\" sizes=\"(max-width: 267px) 100vw, 267px\" \/><\/p>\n<p>&nbsp;<\/p>\n<p>A Quali trabalha com a venda de toda a linha de equipamentos na \u00e1rea de ar condicionado, como, chiller, self, fan-coil, split dutado, piso-teto, K7, sistemas VRF, hi-wall, compactos, c\u00e2maras frias aliment\u00edcias, flores, biot\u00e9rios, mortu\u00e1rias, entre outras.<\/p>\n<p>Al\u00e9m disso, fornece sistemas dutados, \u00a0ventila\u00e7\u00e3o, umidifica\u00e7\u00e3o e exaust\u00e3o.<\/p>\n<p>&nbsp;<\/p>\n","protected":false},"excerpt":{"rendered":"<p>&nbsp; &nbsp; A Quali trabalha com a venda de toda a linha de equipamentos na \u00e1rea de ar condicionado, como, chiller, self, fan-coil, split dutado, piso-teto, K7, sistemas VRF, hi-wall, compactos, c\u00e2maras frias aliment\u00edcias, flores, biot\u00e9rios, mortu\u00e1rias, entre outras. Al\u00e9m disso, fornece sistemas dutados, \u00a0ventila\u00e7\u00e3o, umidifica\u00e7\u00e3o e exaust\u00e3o. &nbsp;<\/p>\n<p class=\"continue-reading-button\"> <a class=\"continue-reading-link\" href=\"http:\/\/qualiarcondicionado.com.br\/quali\/index.php\/produtos\/\">Continue reading<i class=\"crycon-right-dir\"><\/i><\/a><\/p>\n","protected":false},"author":1,"featured_media":0,"parent":0,"menu_order":0,"comment_status":"closed","ping_status":"closed","template":"templates\/template-onecolumn.php","meta":[],"_links":{"self":[{"href":"http:\/\/qualiarcondicionado.com.br\/quali\/index.php\/wp-json\/wp\/v2\/pages\/156"}],"collection":[{"href":"http:\/\/qualiarcondicionado.com.br\/quali\/index.php\/wp-json\/wp\/v2\/pages"}],"about":[{"href":"http:\/\/qualiarcondicionado.com.br\/quali\/index.php\/wp-json\/wp\/v2\/types\/page"}],"author":[{"embeddable":true,"href":"http:\/\/qualiarcondicionado.com.br\/quali\/index.php\/wp-json\/wp\/v2\/users\/1"}],"replies":[{"embeddable":true,"href":"http:\/\/qualiarcondicionado.com.br\/quali\/index.php\/wp-json\/wp\/v2\/comments?post=156"}],"version-history":[{"count":22,"href":"http:\/\/qualiarcondicionado.com.br\/quali\/index.php\/wp-json\/wp\/v2\/pages\/156\/revisions"}],"predecessor-version":[{"id":416,"href":"http:\/\/qualiarcondicionado.com.br\/quali\/index.php\/wp-json\/wp\/v2\/pages\/156\/revisions\/416"}],"wp:attachment":[{"href":"http:\/\/qualiarcondicionado.com.br\/quali\/index.php\/wp-json\/wp\/v2\/media?parent=156"}],"curies":[{"name":"wp","href":"https:\/\/api.w.org\/{rel}","templated":true}]}}