{"id":177,"date":"2016-02-11T19:31:53","date_gmt":"2016-02-11T19:31:53","guid":{"rendered":"http:\/\/qualiarcondicionado.com.br\/quali\/?page_id=177"},"modified":"2016-02-18T16:41:31","modified_gmt":"2016-02-18T16:41:31","slug":"instalacao-2","status":"publish","type":"page","link":"http:\/\/qualiarcondicionado.com.br\/quali\/index.php\/instalacao-2\/","title":{"rendered":"Instala\u00e7\u00e3o"},"content":{"rendered":"<p><img decoding=\"async\" loading=\"lazy\" class=\"wp-image-140 alignleft\" src=\"http:\/\/qualiarcondicionado.com.br\/quali\/wp-content\/uploads\/2016\/02\/servicos.jpg\" alt=\"servicos\" width=\"237\" height=\"166\" srcset=\"http:\/\/qualiarcondicionado.com.br\/quali\/wp-content\/uploads\/2016\/02\/servicos.jpg 413w, http:\/\/qualiarcondicionado.com.br\/quali\/wp-content\/uploads\/2016\/02\/servicos-300x210.jpg 300w, http:\/\/qualiarcondicionado.com.br\/quali\/wp-content\/uploads\/2016\/02\/servicos-214x150.jpg 214w, http:\/\/qualiarcondicionado.com.br\/quali\/wp-content\/uploads\/2016\/02\/servicos-150x105.jpg 150w\" sizes=\"(max-width: 237px) 100vw, 237px\" \/><br \/>\nA Quali realiza todo o processo de instala\u00e7\u00e3o de sistema escolhido pelo seu cliente, assegurando a funcionalidade e o direito \u00e1 garantia\u00a0do equipamento.<\/p>\n<p>&nbsp;<\/p>\n","protected":false},"excerpt":{"rendered":"<p>A Quali realiza todo o processo de instala\u00e7\u00e3o de sistema escolhido pelo seu cliente, assegurando a funcionalidade e o direito \u00e1 garantia\u00a0do equipamento. &nbsp;<\/p>\n<p class=\"continue-reading-button\"> <a class=\"continue-reading-link\" href=\"http:\/\/qualiarcondicionado.com.br\/quali\/index.php\/instalacao-2\/\">Continue reading<i class=\"crycon-right-dir\"><\/i><\/a><\/p>\n","protected":false},"author":1,"featured_media":0,"parent":0,"menu_order":0,"comment_status":"closed","ping_status":"closed","template":"templates\/template-onecolumn.php","meta":[],"_links":{"self":[{"href":"http:\/\/qualiarcondicionado.com.br\/quali\/index.php\/wp-json\/wp\/v2\/pages\/177"}],"collection":[{"href":"http:\/\/qualiarcondicionado.com.br\/quali\/index.php\/wp-json\/wp\/v2\/pages"}],"about":[{"href":"http:\/\/qualiarcondicionado.com.br\/quali\/index.php\/wp-json\/wp\/v2\/types\/page"}],"author":[{"embeddable":true,"href":"http:\/\/qualiarcondicionado.com.br\/quali\/index.php\/wp-json\/wp\/v2\/users\/1"}],"replies":[{"embeddable":true,"href":"http:\/\/qualiarcondicionado.com.br\/quali\/index.php\/wp-json\/wp\/v2\/comments?post=177"}],"version-history":[{"count":5,"href":"http:\/\/qualiarcondicionado.com.br\/quali\/index.php\/wp-json\/wp\/v2\/pages\/177\/revisions"}],"predecessor-version":[{"id":418,"href":"http:\/\/qualiarcondicionado.com.br\/quali\/index.php\/wp-json\/wp\/v2\/pages\/177\/revisions\/418"}],"wp:attachment":[{"href":"http:\/\/qualiarcondicionado.com.br\/quali\/index.php\/wp-json\/wp\/v2\/media?parent=177"}],"curies":[{"name":"wp","href":"https:\/\/api.w.org\/{rel}","templated":true}]}}