{"id":185,"date":"2016-02-11T19:39:08","date_gmt":"2016-02-11T19:39:08","guid":{"rendered":"http:\/\/qualiarcondicionado.com.br\/quali\/?page_id=185"},"modified":"2016-02-18T17:04:27","modified_gmt":"2016-02-18T17:04:27","slug":"higienizacao-robotizada","status":"publish","type":"page","link":"http:\/\/qualiarcondicionado.com.br\/quali\/index.php\/higienizacao-robotizada\/","title":{"rendered":"Higieniza\u00e7\u00e3o Robotizada"},"content":{"rendered":"<p><a href=\"http:\/\/qualiarcondicionado.com.br\/quali\/wp-content\/uploads\/2016\/02\/hig-robot3.jpg\" rel=\"attachment wp-att-359\"><img decoding=\"async\" loading=\"lazy\" class=\" wp-image-359 alignleft\" src=\"http:\/\/qualiarcondicionado.com.br\/quali\/wp-content\/uploads\/2016\/02\/hig-robot3-242x300.jpg\" alt=\"hig robot3\" width=\"204\" height=\"253\" srcset=\"http:\/\/qualiarcondicionado.com.br\/quali\/wp-content\/uploads\/2016\/02\/hig-robot3-242x300.jpg 242w, http:\/\/qualiarcondicionado.com.br\/quali\/wp-content\/uploads\/2016\/02\/hig-robot3-121x150.jpg 121w, http:\/\/qualiarcondicionado.com.br\/quali\/wp-content\/uploads\/2016\/02\/hig-robot3.jpg 326w\" sizes=\"(max-width: 204px) 100vw, 204px\" \/><\/a><\/p>\n<p><span style=\"font-size: 13pt; font-family: 'Ubuntu Light','serif'; color: #444444;\">Essa higieniza\u00e7\u00e3o deve ser realizada semestralmente, acompanhada com an\u00e1lise da\u00a0 qualidade do ar e da \u00e1gua gelada, \u00a0mensalmente, conforme exigido pela fiscaliza\u00e7\u00e3o.<\/span><\/p>\n","protected":false},"excerpt":{"rendered":"<p>Essa higieniza\u00e7\u00e3o deve ser realizada semestralmente, acompanhada com an\u00e1lise da\u00a0 qualidade do ar e da \u00e1gua gelada, \u00a0mensalmente, conforme exigido pela fiscaliza\u00e7\u00e3o.<\/p>\n<p class=\"continue-reading-button\"> <a class=\"continue-reading-link\" href=\"http:\/\/qualiarcondicionado.com.br\/quali\/index.php\/higienizacao-robotizada\/\">Continue reading<i class=\"crycon-right-dir\"><\/i><\/a><\/p>\n","protected":false},"author":1,"featured_media":0,"parent":0,"menu_order":0,"comment_status":"closed","ping_status":"closed","template":"templates\/template-onecolumn.php","meta":[],"_links":{"self":[{"href":"http:\/\/qualiarcondicionado.com.br\/quali\/index.php\/wp-json\/wp\/v2\/pages\/185"}],"collection":[{"href":"http:\/\/qualiarcondicionado.com.br\/quali\/index.php\/wp-json\/wp\/v2\/pages"}],"about":[{"href":"http:\/\/qualiarcondicionado.com.br\/quali\/index.php\/wp-json\/wp\/v2\/types\/page"}],"author":[{"embeddable":true,"href":"http:\/\/qualiarcondicionado.com.br\/quali\/index.php\/wp-json\/wp\/v2\/users\/1"}],"replies":[{"embeddable":true,"href":"http:\/\/qualiarcondicionado.com.br\/quali\/index.php\/wp-json\/wp\/v2\/comments?post=185"}],"version-history":[{"count":33,"href":"http:\/\/qualiarcondicionado.com.br\/quali\/index.php\/wp-json\/wp\/v2\/pages\/185\/revisions"}],"predecessor-version":[{"id":428,"href":"http:\/\/qualiarcondicionado.com.br\/quali\/index.php\/wp-json\/wp\/v2\/pages\/185\/revisions\/428"}],"wp:attachment":[{"href":"http:\/\/qualiarcondicionado.com.br\/quali\/index.php\/wp-json\/wp\/v2\/media?parent=185"}],"curies":[{"name":"wp","href":"https:\/\/api.w.org\/{rel}","templated":true}]}}